	



	{"id":18,"date":"2025-04-10T09:46:03","date_gmt":"2025-04-10T08:46:03","guid":{"rendered":"https:\/\/kitbase.webs.fococonsultores.es\/?page_id=18"},"modified":"2025-04-10T11:40:21","modified_gmt":"2025-04-10T10:40:21","slug":"nosotros","status":"publish","type":"page","link":"https:\/\/ebenlloc1.es\/index.php\/nosotros\/","title":{"rendered":"Nosotros"},"content":{"rendered":"\n<div style=\"height:4vh\" aria-hidden=\"true\" class=\"wp-block-spacer\"><\/div>\n\n\n<div class=\"yoast-breadcrumbs\"><span><span><a href=\"https:\/\/ebenlloc1.es\/\">Portada<\/a> \u00bb <span class=\"breadcrumb_last\" aria-current=\"page\">Nosotros<\/span><\/span><\/span><\/div>\n\n\n<div class=\"wp-block-cover alignfull is-light\"><span aria-hidden=\"true\" class=\"wp-block-cover__background has-white-background-color has-background-dim-100 has-background-dim\"><\/span><div class=\"wp-block-cover__inner-container\">\n<div class=\"is-layout-constrained wp-block-group\"><div class=\"wp-block-group__inner-container\">\n<div class=\"is-layout-flex wp-container-6 wp-block-columns\">\n<div class=\"is-layout-flow wp-block-column\" style=\"flex-basis:10%\"><\/div>\n\n\n\n<div class=\"is-layout-flow wp-block-column is-vertically-aligned-top\" style=\"flex-basis:30%\"><div class=\"wp-block-image\">\n<figure class=\"alignleft size-large\"><img decoding=\"async\" loading=\"lazy\" width=\"768\" height=\"1024\" src=\"https:\/\/ebenlloc1.es\/wp-content\/uploads\/sites\/57\/2025\/04\/quienes-somos-768x1024.jpeg\" alt=\"interior estanco benlloc\" class=\"wp-image-713\" srcset=\"https:\/\/ebenlloc1.es\/wp-content\/uploads\/sites\/57\/2025\/04\/quienes-somos-768x1024.jpeg 768w, https:\/\/ebenlloc1.es\/wp-content\/uploads\/sites\/57\/2025\/04\/quienes-somos-225x300.jpeg 225w, https:\/\/ebenlloc1.es\/wp-content\/uploads\/sites\/57\/2025\/04\/quienes-somos-1152x1536.jpeg 1152w, https:\/\/ebenlloc1.es\/wp-content\/uploads\/sites\/57\/2025\/04\/quienes-somos.jpeg 1536w\" sizes=\"(max-width: 768px) 100vw, 768px\" \/><\/figure><\/div><\/div>\n\n\n\n<div class=\"is-layout-flow wp-block-column\" style=\"flex-basis:10%\"><\/div>\n\n\n\n<div class=\"is-layout-flow wp-block-column is-vertically-aligned-center\" style=\"flex-basis:40%\">\n<h1 class=\"has-large-font-size\">Nuestra empresa<\/h1>\n\n\n\n<h2><strong>ESTANC DE BENLLOC <\/strong><\/h2>\n\n\n\n<p>Somos una pareja de j\u00f3venes emprendedores, vecinos de Benlloc, y hemos creado un estanco diferente y \u00fanico para ti. En nuestro establecimiento, no solo encontrar\u00e1s una amplia variedad de tabacos de las mejores marcas, sino que tambi\u00e9n ponemos a tu disposici\u00f3n una gama completa de servicios adicionales.<\/p>\n\n\n\n<p>En nuestro estanco, podr\u00e1s adquirir timbres fiscales y material de oficina de alta calidad. Adem\u00e1s, ofrecemos servicios de fotocopias y fotograf\u00eda para el DNI, todo en un ambiente c\u00f3modo y amigable.<\/p>\n\n\n\n<p>Pero eso no es todo, mientras te pones al d\u00eda leyendo tu peri\u00f3dico o revista favorita, podr\u00e1s disfrutar de una deliciosa selecci\u00f3n de dulces y bebidas fr\u00edas. Nuestro objetivo es convertir cada visita en una experiencia agradable y completa, donde cada detalle est\u00e1 pensado para satisfacer tus necesidades.<\/p>\n\n\n\n<p>\u00a1Ven y descubre todo lo que tenemos para ofrecerte en nuestro estanco! Tu satisfacci\u00f3n es nuestra prioridad.<\/p>\n<\/div>\n\n\n\n<div class=\"is-layout-flow wp-block-column\" style=\"flex-basis:10%\"><\/div>\n<\/div>\n<\/div><\/div>\n<\/div><\/div>\n","protected":false},"excerpt":{"rendered":"","protected":false},"author":2,"featured_media":0,"parent":0,"menu_order":0,"comment_status":"closed","ping_status":"closed","template":"","meta":{"_mi_skip_tracking":false},"yoast_head":"<!-- This site is optimized with the Yoast SEO plugin v19.10 - https:\/\/yoast.com\/wordpress\/plugins\/seo\/ -->\n<title>Nosotros - ESTANC DE BENLLOC<\/title>\n<meta name=\"description\" content=\"Nosotros somos una pareja de j\u00f3venes emprendedores, vecinos de Benlloc, y hemos creado un estanco diferente y \u00fanico para ti.\" \/>\n<meta name=\"robots\" content=\"index, follow, max-snippet:-1, max-image-preview:large, max-video-preview:-1\" \/>\n<link rel=\"canonical\" href=\"https:\/\/ebenlloc1.es\/index.php\/nosotros\/\" \/>\n<meta property=\"og:locale\" content=\"es_ES\" \/>\n<meta property=\"og:type\" content=\"article\" \/>\n<meta property=\"og:title\" content=\"Nosotros - ESTANC DE BENLLOC\" \/>\n<meta property=\"og:description\" content=\"Nosotros somos una pareja de j\u00f3venes emprendedores, vecinos de Benlloc, y hemos creado un estanco diferente y \u00fanico para ti.\" \/>\n<meta property=\"og:url\" content=\"https:\/\/ebenlloc1.es\/index.php\/nosotros\/\" \/>\n<meta property=\"og:site_name\" content=\"ESTANC DE BENLLOC\" \/>\n<meta property=\"article:modified_time\" content=\"2025-04-10T10:40:21+00:00\" \/>\n<meta property=\"og:image\" content=\"https:\/\/ebenlloc1.es\/wp-content\/uploads\/sites\/57\/2025\/04\/quienes-somos-768x1024.jpeg\" \/>\n<meta name=\"twitter:card\" content=\"summary_large_image\" \/>\n<meta name=\"twitter:label1\" content=\"Tiempo de lectura\" \/>\n\t<meta name=\"twitter:data1\" content=\"1 minuto\" \/>\n<script type=\"application\/ld+json\" class=\"yoast-schema-graph\">{\"@context\":\"https:\/\/schema.org\",\"@graph\":[{\"@type\":\"WebPage\",\"@id\":\"https:\/\/ebenlloc1.es\/index.php\/nosotros\/\",\"url\":\"https:\/\/ebenlloc1.es\/index.php\/nosotros\/\",\"name\":\"Nosotros - ESTANC DE BENLLOC\",\"isPartOf\":{\"@id\":\"https:\/\/ebenlloc1.es\/#website\"},\"datePublished\":\"2025-04-10T08:46:03+00:00\",\"dateModified\":\"2025-04-10T10:40:21+00:00\",\"description\":\"Nosotros somos una pareja de j\u00f3venes emprendedores, vecinos de Benlloc, y hemos creado un estanco diferente y \u00fanico para ti.\",\"breadcrumb\":{\"@id\":\"https:\/\/ebenlloc1.es\/index.php\/nosotros\/#breadcrumb\"},\"inLanguage\":\"es\",\"potentialAction\":[{\"@type\":\"ReadAction\",\"target\":[\"https:\/\/ebenlloc1.es\/index.php\/nosotros\/\"]}]},{\"@type\":\"BreadcrumbList\",\"@id\":\"https:\/\/ebenlloc1.es\/index.php\/nosotros\/#breadcrumb\",\"itemListElement\":[{\"@type\":\"ListItem\",\"position\":1,\"name\":\"Portada\",\"item\":\"https:\/\/ebenlloc1.es\/\"},{\"@type\":\"ListItem\",\"position\":2,\"name\":\"Nosotros\"}]},{\"@type\":\"WebSite\",\"@id\":\"https:\/\/ebenlloc1.es\/#website\",\"url\":\"https:\/\/ebenlloc1.es\/\",\"name\":\"ESTANC DE BENLLOC\",\"description\":\"Estanc de Benlloc es un estanco con una amplia variedad de productos\",\"publisher\":{\"@id\":\"https:\/\/ebenlloc1.es\/#organization\"},\"potentialAction\":[{\"@type\":\"SearchAction\",\"target\":{\"@type\":\"EntryPoint\",\"urlTemplate\":\"https:\/\/ebenlloc1.es\/?s={search_term_string}\"},\"query-input\":\"required name=search_term_string\"}],\"inLanguage\":\"es\"},{\"@type\":\"Organization\",\"@id\":\"https:\/\/ebenlloc1.es\/#organization\",\"name\":\"ESTANC DE BENLLOC\",\"url\":\"https:\/\/ebenlloc1.es\/\",\"logo\":{\"@type\":\"ImageObject\",\"inLanguage\":\"es\",\"@id\":\"https:\/\/ebenlloc1.es\/#\/schema\/logo\/image\/\",\"url\":\"https:\/\/ebenlloc1.es\/wp-content\/uploads\/sites\/57\/2025\/04\/logo-recortar.png\",\"contentUrl\":\"https:\/\/ebenlloc1.es\/wp-content\/uploads\/sites\/57\/2025\/04\/logo-recortar.png\",\"width\":200,\"height\":200,\"caption\":\"ESTANC DE BENLLOC\"},\"image\":{\"@id\":\"https:\/\/ebenlloc1.es\/#\/schema\/logo\/image\/\"},\"sameAs\":[\"https:\/\/www.instagram.com\/ebenlloc1\/\"]}]}<\/script>\n<!-- \/ Yoast SEO plugin. -->","yoast_head_json":{"title":"Nosotros - ESTANC DE BENLLOC","description":"Nosotros somos una pareja de j\u00f3venes emprendedores, vecinos de Benlloc, y hemos creado un estanco diferente y \u00fanico para ti.","robots":{"index":"index","follow":"follow","max-snippet":"max-snippet:-1","max-image-preview":"max-image-preview:large","max-video-preview":"max-video-preview:-1"},"canonical":"https:\/\/ebenlloc1.es\/index.php\/nosotros\/","og_locale":"es_ES","og_type":"article","og_title":"Nosotros - ESTANC DE BENLLOC","og_description":"Nosotros somos una pareja de j\u00f3venes emprendedores, vecinos de Benlloc, y hemos creado un estanco diferente y \u00fanico para ti.","og_url":"https:\/\/ebenlloc1.es\/index.php\/nosotros\/","og_site_name":"ESTANC DE BENLLOC","article_modified_time":"2025-04-10T10:40:21+00:00","og_image":[{"url":"https:\/\/ebenlloc1.es\/wp-content\/uploads\/sites\/57\/2025\/04\/quienes-somos-768x1024.jpeg"}],"twitter_card":"summary_large_image","twitter_misc":{"Tiempo de lectura":"1 minuto"},"schema":{"@context":"https:\/\/schema.org","@graph":[{"@type":"WebPage","@id":"https:\/\/ebenlloc1.es\/index.php\/nosotros\/","url":"https:\/\/ebenlloc1.es\/index.php\/nosotros\/","name":"Nosotros - ESTANC DE BENLLOC","isPartOf":{"@id":"https:\/\/ebenlloc1.es\/#website"},"datePublished":"2025-04-10T08:46:03+00:00","dateModified":"2025-04-10T10:40:21+00:00","description":"Nosotros somos una pareja de j\u00f3venes emprendedores, vecinos de Benlloc, y hemos creado un estanco diferente y \u00fanico para ti.","breadcrumb":{"@id":"https:\/\/ebenlloc1.es\/index.php\/nosotros\/#breadcrumb"},"inLanguage":"es","potentialAction":[{"@type":"ReadAction","target":["https:\/\/ebenlloc1.es\/index.php\/nosotros\/"]}]},{"@type":"BreadcrumbList","@id":"https:\/\/ebenlloc1.es\/index.php\/nosotros\/#breadcrumb","itemListElement":[{"@type":"ListItem","position":1,"name":"Portada","item":"https:\/\/ebenlloc1.es\/"},{"@type":"ListItem","position":2,"name":"Nosotros"}]},{"@type":"WebSite","@id":"https:\/\/ebenlloc1.es\/#website","url":"https:\/\/ebenlloc1.es\/","name":"ESTANC DE BENLLOC","description":"Estanc de Benlloc es un estanco con una amplia variedad de productos","publisher":{"@id":"https:\/\/ebenlloc1.es\/#organization"},"potentialAction":[{"@type":"SearchAction","target":{"@type":"EntryPoint","urlTemplate":"https:\/\/ebenlloc1.es\/?s={search_term_string}"},"query-input":"required name=search_term_string"}],"inLanguage":"es"},{"@type":"Organization","@id":"https:\/\/ebenlloc1.es\/#organization","name":"ESTANC DE BENLLOC","url":"https:\/\/ebenlloc1.es\/","logo":{"@type":"ImageObject","inLanguage":"es","@id":"https:\/\/ebenlloc1.es\/#\/schema\/logo\/image\/","url":"https:\/\/ebenlloc1.es\/wp-content\/uploads\/sites\/57\/2025\/04\/logo-recortar.png","contentUrl":"https:\/\/ebenlloc1.es\/wp-content\/uploads\/sites\/57\/2025\/04\/logo-recortar.png","width":200,"height":200,"caption":"ESTANC DE BENLLOC"},"image":{"@id":"https:\/\/ebenlloc1.es\/#\/schema\/logo\/image\/"},"sameAs":["https:\/\/www.instagram.com\/ebenlloc1\/"]}]}},"_links":{"self":[{"href":"https:\/\/ebenlloc1.es\/index.php\/wp-json\/wp\/v2\/pages\/18"}],"collection":[{"href":"https:\/\/ebenlloc1.es\/index.php\/wp-json\/wp\/v2\/pages"}],"about":[{"href":"https:\/\/ebenlloc1.es\/index.php\/wp-json\/wp\/v2\/types\/page"}],"author":[{"embeddable":true,"href":"https:\/\/ebenlloc1.es\/index.php\/wp-json\/wp\/v2\/users\/2"}],"replies":[{"embeddable":true,"href":"https:\/\/ebenlloc1.es\/index.php\/wp-json\/wp\/v2\/comments?post=18"}],"version-history":[{"count":26,"href":"https:\/\/ebenlloc1.es\/index.php\/wp-json\/wp\/v2\/pages\/18\/revisions"}],"predecessor-version":[{"id":753,"href":"https:\/\/ebenlloc1.es\/index.php\/wp-json\/wp\/v2\/pages\/18\/revisions\/753"}],"wp:attachment":[{"href":"https:\/\/ebenlloc1.es\/index.php\/wp-json\/wp\/v2\/media?parent=18"}],"curies":[{"name":"wp","href":"https:\/\/api.w.org\/{rel}","templated":true}]}}