	



	{"id":20,"date":"2025-04-10T09:48:49","date_gmt":"2025-04-10T08:48:49","guid":{"rendered":"https:\/\/kitbase.webs.fococonsultores.es\/?page_id=20"},"modified":"2025-04-10T11:41:16","modified_gmt":"2025-04-10T10:41:16","slug":"servicios","status":"publish","type":"page","link":"https:\/\/ebenlloc1.es\/index.php\/servicios\/","title":{"rendered":"Servicios"},"content":{"rendered":"\n<div style=\"height:4vh\" aria-hidden=\"true\" class=\"wp-block-spacer\"><\/div>\n\n\n<div class=\"yoast-breadcrumbs\"><span><span><a href=\"https:\/\/ebenlloc1.es\/\">Portada<\/a> \u00bb <span class=\"breadcrumb_last\" aria-current=\"page\">Servicios<\/span><\/span><\/span><\/div>\n\n\n<h1 class=\"has-large-font-size\">Servicios<\/h1>\n\n\n\n<div class=\"wp-block-cover alignfull\"><span aria-hidden=\"true\" class=\"wp-block-cover__background has-background-dim-100 has-background-dim\" style=\"background-color:#1a1a1a\"><\/span><div class=\"wp-block-cover__inner-container\">\n<div class=\"wp-block-media-text alignwide is-stacked-on-mobile\" style=\"grid-template-columns:20% auto\"><figure class=\"wp-block-media-text__media\"><img decoding=\"async\" loading=\"lazy\" width=\"1024\" height=\"768\" src=\"https:\/\/ebenlloc1.es\/wp-content\/uploads\/sites\/57\/2025\/04\/servicio1-1024x768.jpg\" alt=\"bebidas fr\u00edas y alimentacion\" class=\"wp-image-715 size-full\" srcset=\"https:\/\/ebenlloc1.es\/wp-content\/uploads\/sites\/57\/2025\/04\/servicio1-1024x768.jpg 1024w, https:\/\/ebenlloc1.es\/wp-content\/uploads\/sites\/57\/2025\/04\/servicio1-300x225.jpg 300w, https:\/\/ebenlloc1.es\/wp-content\/uploads\/sites\/57\/2025\/04\/servicio1-768x576.jpg 768w, https:\/\/ebenlloc1.es\/wp-content\/uploads\/sites\/57\/2025\/04\/servicio1-1536x1152.jpg 1536w, https:\/\/ebenlloc1.es\/wp-content\/uploads\/sites\/57\/2025\/04\/servicio1.jpg 2000w\" sizes=\"(max-width: 1024px) 100vw, 1024px\" \/><\/figure><div class=\"wp-block-media-text__content\">\n<h2 class=\"has-white-color has-text-color\"><strong>BEBIDAS FRIAS, ALIMENTACI\u00d3N<\/strong><\/h2>\n\n\n\n<p class=\"has-white-color has-text-color\">Disfruta de una amplia selecci\u00f3n de bebidas fr\u00edas, dulces y snacks. Adem\u00e1s, ofrecemos la posibilidad de encargar tartas de golosinas y cajitas personalizadas, perfectas para cualquier ocasi\u00f3n.<\/p>\n<\/div><\/div>\n<\/div><\/div>\n\n\n\n<div class=\"wp-block-cover alignfull is-light\"><span aria-hidden=\"true\" class=\"wp-block-cover__background has-white-background-color has-background-dim-100 has-background-dim\"><\/span><div class=\"wp-block-cover__inner-container\">\n<div class=\"wp-block-media-text alignwide has-media-on-the-right is-stacked-on-mobile\" style=\"grid-template-columns:auto 20%\"><div class=\"wp-block-media-text__content\">\n<h2 class=\"has-black-color has-text-color\"><strong>FOTOCOPIAS, ESCANEOS, ENCUADERNACIONES Y PLASTIFICADOS<\/strong><\/h2>\n\n\n\n<p>Ofrecemos un completo servicio de fotocopias que se adapta a todas tus necesidades. Desde apuntes y fotocopias de documentaci\u00f3n hasta la personalizaci\u00f3n de art\u00edculos, estamos aqu\u00ed para ayudarte en cada paso.<\/p>\n<\/div><figure class=\"wp-block-media-text__media\"><img decoding=\"async\" loading=\"lazy\" width=\"768\" height=\"1024\" src=\"https:\/\/ebenlloc1.es\/wp-content\/uploads\/sites\/57\/2025\/04\/servicio2-768x1024.jpg\" alt=\"fotocopias\" class=\"wp-image-718 size-full\" srcset=\"https:\/\/ebenlloc1.es\/wp-content\/uploads\/sites\/57\/2025\/04\/servicio2-768x1024.jpg 768w, https:\/\/ebenlloc1.es\/wp-content\/uploads\/sites\/57\/2025\/04\/servicio2-225x300.jpg 225w, https:\/\/ebenlloc1.es\/wp-content\/uploads\/sites\/57\/2025\/04\/servicio2-1152x1536.jpg 1152w, https:\/\/ebenlloc1.es\/wp-content\/uploads\/sites\/57\/2025\/04\/servicio2.jpg 1536w\" sizes=\"(max-width: 768px) 100vw, 768px\" \/><\/figure><\/div>\n<\/div><\/div>\n\n\n\n<div class=\"wp-block-cover alignfull\"><span aria-hidden=\"true\" class=\"wp-block-cover__background has-background-dim-100 has-background-dim\" style=\"background-color:#1a1a1a\"><\/span><div class=\"wp-block-cover__inner-container\">\n<div class=\"wp-block-media-text alignwide is-stacked-on-mobile\" style=\"grid-template-columns:20% auto\"><figure class=\"wp-block-media-text__media\"><img decoding=\"async\" loading=\"lazy\" width=\"768\" height=\"1024\" src=\"https:\/\/ebenlloc1.es\/wp-content\/uploads\/sites\/57\/2025\/04\/servicio3-768x1024.jpg\" alt=\"prensa, revistas y regalos\" class=\"wp-image-719 size-full\" srcset=\"https:\/\/ebenlloc1.es\/wp-content\/uploads\/sites\/57\/2025\/04\/servicio3-768x1024.jpg 768w, https:\/\/ebenlloc1.es\/wp-content\/uploads\/sites\/57\/2025\/04\/servicio3-225x300.jpg 225w, https:\/\/ebenlloc1.es\/wp-content\/uploads\/sites\/57\/2025\/04\/servicio3-1152x1536.jpg 1152w, https:\/\/ebenlloc1.es\/wp-content\/uploads\/sites\/57\/2025\/04\/servicio3.jpg 1536w\" sizes=\"(max-width: 768px) 100vw, 768px\" \/><\/figure><div class=\"wp-block-media-text__content\">\n<h2 class=\"has-white-color has-text-color\"><strong>PRENSA, REVISTAS Y REGALOS<\/strong><\/h2>\n\n\n\n<p class=\"has-white-color has-text-color\">Disponemos de una amplia selecci\u00f3n de prensa ib\u00e9rica que abarca desde peri\u00f3dicos nacionales y regionales hasta las publicaciones locales m\u00e1s influyentes. Adem\u00e1s, contamos con una variedad de las revistas m\u00e1s populares y le\u00eddas en Espa\u00f1a, cubriendo una amplia gama de temas que van desde actualidad y entretenimiento hasta moda, tecnolog\u00eda y deportes. Estamos comprometidos a ofrecerte las mejores opciones para mantenerte informado y entretenido.<\/p>\n<\/div><\/div>\n<\/div><\/div>\n\n\n\n<div class=\"wp-block-cover alignfull is-light\"><span aria-hidden=\"true\" class=\"wp-block-cover__background has-white-background-color has-background-dim-100 has-background-dim\"><\/span><div class=\"wp-block-cover__inner-container\">\n<div class=\"wp-block-media-text alignwide has-media-on-the-right is-stacked-on-mobile\" style=\"grid-template-columns:auto 20%\"><div class=\"wp-block-media-text__content\">\n<h2 class=\"has-black-color has-text-color\"><strong>PAPELER\u00cdA Y FOTOS<\/strong><\/h2>\n\n\n\n<p>Encontrar\u00e1s todo lo necesario para tu oficina y material escolar en un solo lugar. Adem\u00e1s, podr\u00e1s llevarte tus fotos impresas al instante, sin esperas ni complicaciones.<\/p>\n<\/div><figure class=\"wp-block-media-text__media\"><img decoding=\"async\" loading=\"lazy\" width=\"1024\" height=\"768\" src=\"https:\/\/ebenlloc1.es\/wp-content\/uploads\/sites\/57\/2025\/04\/servicio4-1024x768.jpg\" alt=\"papeler\u00eda y fotos\" class=\"wp-image-716 size-full\" srcset=\"https:\/\/ebenlloc1.es\/wp-content\/uploads\/sites\/57\/2025\/04\/servicio4-1024x768.jpg 1024w, https:\/\/ebenlloc1.es\/wp-content\/uploads\/sites\/57\/2025\/04\/servicio4-300x225.jpg 300w, https:\/\/ebenlloc1.es\/wp-content\/uploads\/sites\/57\/2025\/04\/servicio4-768x576.jpg 768w, https:\/\/ebenlloc1.es\/wp-content\/uploads\/sites\/57\/2025\/04\/servicio4-1536x1152.jpg 1536w, https:\/\/ebenlloc1.es\/wp-content\/uploads\/sites\/57\/2025\/04\/servicio4.jpg 2000w\" sizes=\"(max-width: 1024px) 100vw, 1024px\" \/><\/figure><\/div>\n<\/div><\/div>\n\n\n\n<div class=\"wp-block-cover alignfull\"><span aria-hidden=\"true\" class=\"wp-block-cover__background has-background-dim-100 has-background-dim\" style=\"background-color:#1a1a1a\"><\/span><div class=\"wp-block-cover__inner-container\">\n<div class=\"wp-block-media-text alignwide is-stacked-on-mobile\" style=\"grid-template-columns:20% auto\"><figure class=\"wp-block-media-text__media\"><img decoding=\"async\" loading=\"lazy\" width=\"768\" height=\"1024\" src=\"https:\/\/ebenlloc1.es\/wp-content\/uploads\/sites\/57\/2025\/04\/servicio5-768x1024.jpg\" alt=\"ambientadores de hogar\" class=\"wp-image-717 size-full\" srcset=\"https:\/\/ebenlloc1.es\/wp-content\/uploads\/sites\/57\/2025\/04\/servicio5-768x1024.jpg 768w, https:\/\/ebenlloc1.es\/wp-content\/uploads\/sites\/57\/2025\/04\/servicio5-225x300.jpg 225w, https:\/\/ebenlloc1.es\/wp-content\/uploads\/sites\/57\/2025\/04\/servicio5-1152x1536.jpg 1152w, https:\/\/ebenlloc1.es\/wp-content\/uploads\/sites\/57\/2025\/04\/servicio5.jpg 1536w\" sizes=\"(max-width: 768px) 100vw, 768px\" \/><\/figure><div class=\"wp-block-media-text__content\">\n<h2 class=\"has-white-color has-text-color\"><strong>AMBIENTADORES HOGAR Y PERFUMES<\/strong><\/h2>\n\n\n\n<p class=\"has-white-color has-text-color\">Ofrecemos una amplia selecci\u00f3n de ambientadores en spray y mikados que se adaptan a todos los gustos y preferencias. Adem\u00e1s, contamos con una gran variedad de perfumes para ti, perfectos para cualquier ocasi\u00f3n.<\/p>\n<\/div><\/div>\n<\/div><\/div>\n\n\n\n<div class=\"wp-block-cover alignfull is-light\"><span aria-hidden=\"true\" class=\"wp-block-cover__background has-white-background-color has-background-dim-100 has-background-dim\"><\/span><div class=\"wp-block-cover__inner-container\">\n<div class=\"wp-block-media-text alignwide has-media-on-the-right is-stacked-on-mobile\" style=\"grid-template-columns:auto 20%\"><div class=\"wp-block-media-text__content\">\n<h2 class=\"has-black-color has-text-color\"><strong>ONCE<\/strong><\/h2>\n\n\n\n<p>Promovemos el juego responsable para mayores de 18 a\u00f1os. Es fundamental disfrutar de esta actividad de manera consciente y equilibrada, asegurando que se mantenga como una forma de entretenimiento saludable y segura. Recuerda que jugar con responsabilidad es la clave para una experiencia positiva.<\/p>\n<\/div><figure class=\"wp-block-media-text__media\"><img decoding=\"async\" loading=\"lazy\" width=\"1024\" height=\"768\" src=\"https:\/\/ebenlloc1.es\/wp-content\/uploads\/sites\/57\/2025\/04\/servicio-6-1024x768.jpeg\" alt=\"interior establecimiento venta once\" class=\"wp-image-714 size-full\" srcset=\"https:\/\/ebenlloc1.es\/wp-content\/uploads\/sites\/57\/2025\/04\/servicio-6-1024x768.jpeg 1024w, https:\/\/ebenlloc1.es\/wp-content\/uploads\/sites\/57\/2025\/04\/servicio-6-300x225.jpeg 300w, https:\/\/ebenlloc1.es\/wp-content\/uploads\/sites\/57\/2025\/04\/servicio-6-768x576.jpeg 768w, https:\/\/ebenlloc1.es\/wp-content\/uploads\/sites\/57\/2025\/04\/servicio-6-1536x1152.jpeg 1536w, https:\/\/ebenlloc1.es\/wp-content\/uploads\/sites\/57\/2025\/04\/servicio-6.jpeg 2048w\" sizes=\"(max-width: 1024px) 100vw, 1024px\" \/><\/figure><\/div>\n<\/div><\/div>\n","protected":false},"excerpt":{"rendered":"<p>Servicios<\/p>\n","protected":false},"author":2,"featured_media":0,"parent":0,"menu_order":0,"comment_status":"closed","ping_status":"closed","template":"","meta":{"_mi_skip_tracking":false},"yoast_head":"<!-- This site is optimized with the Yoast SEO plugin v19.10 - https:\/\/yoast.com\/wordpress\/plugins\/seo\/ -->\n<title>Servicios - ESTANC DE BENLLOC<\/title>\n<meta name=\"description\" content=\"ESTANC DE BENLLOC ofrece servicios de de bebidas fr\u00edas, alimentaci\u00f3n, prensa, revistas, regalos, papeler\u00eda, fotos, ambientadores, perfumes, ONCE...\" \/>\n<meta name=\"robots\" content=\"index, follow, max-snippet:-1, max-image-preview:large, max-video-preview:-1\" \/>\n<link rel=\"canonical\" href=\"https:\/\/ebenlloc1.es\/index.php\/servicios\/\" \/>\n<meta property=\"og:locale\" content=\"es_ES\" \/>\n<meta property=\"og:type\" content=\"article\" \/>\n<meta property=\"og:title\" content=\"Servicios - ESTANC DE BENLLOC\" \/>\n<meta property=\"og:description\" content=\"ESTANC DE BENLLOC ofrece servicios de de bebidas fr\u00edas, alimentaci\u00f3n, prensa, revistas, regalos, papeler\u00eda, fotos, ambientadores, perfumes, ONCE...\" \/>\n<meta property=\"og:url\" content=\"https:\/\/ebenlloc1.es\/index.php\/servicios\/\" \/>\n<meta property=\"og:site_name\" content=\"ESTANC DE BENLLOC\" \/>\n<meta property=\"article:modified_time\" content=\"2025-04-10T10:41:16+00:00\" \/>\n<meta property=\"og:image\" content=\"https:\/\/ebenlloc1.es\/wp-content\/uploads\/sites\/57\/2025\/04\/servicio1-1024x768.jpg\" \/>\n<meta name=\"twitter:card\" content=\"summary_large_image\" \/>\n<meta name=\"twitter:label1\" content=\"Tiempo de lectura\" \/>\n\t<meta name=\"twitter:data1\" content=\"3 minutos\" \/>\n<script type=\"application\/ld+json\" class=\"yoast-schema-graph\">{\"@context\":\"https:\/\/schema.org\",\"@graph\":[{\"@type\":\"WebPage\",\"@id\":\"https:\/\/ebenlloc1.es\/index.php\/servicios\/\",\"url\":\"https:\/\/ebenlloc1.es\/index.php\/servicios\/\",\"name\":\"Servicios - ESTANC DE BENLLOC\",\"isPartOf\":{\"@id\":\"https:\/\/ebenlloc1.es\/#website\"},\"datePublished\":\"2025-04-10T08:48:49+00:00\",\"dateModified\":\"2025-04-10T10:41:16+00:00\",\"description\":\"ESTANC DE BENLLOC ofrece servicios de de bebidas fr\u00edas, alimentaci\u00f3n, prensa, revistas, regalos, papeler\u00eda, fotos, ambientadores, perfumes, ONCE...\",\"breadcrumb\":{\"@id\":\"https:\/\/ebenlloc1.es\/index.php\/servicios\/#breadcrumb\"},\"inLanguage\":\"es\",\"potentialAction\":[{\"@type\":\"ReadAction\",\"target\":[\"https:\/\/ebenlloc1.es\/index.php\/servicios\/\"]}]},{\"@type\":\"BreadcrumbList\",\"@id\":\"https:\/\/ebenlloc1.es\/index.php\/servicios\/#breadcrumb\",\"itemListElement\":[{\"@type\":\"ListItem\",\"position\":1,\"name\":\"Portada\",\"item\":\"https:\/\/ebenlloc1.es\/\"},{\"@type\":\"ListItem\",\"position\":2,\"name\":\"Servicios\"}]},{\"@type\":\"WebSite\",\"@id\":\"https:\/\/ebenlloc1.es\/#website\",\"url\":\"https:\/\/ebenlloc1.es\/\",\"name\":\"ESTANC DE BENLLOC\",\"description\":\"Estanc de Benlloc es un estanco con una amplia variedad de productos\",\"publisher\":{\"@id\":\"https:\/\/ebenlloc1.es\/#organization\"},\"potentialAction\":[{\"@type\":\"SearchAction\",\"target\":{\"@type\":\"EntryPoint\",\"urlTemplate\":\"https:\/\/ebenlloc1.es\/?s={search_term_string}\"},\"query-input\":\"required name=search_term_string\"}],\"inLanguage\":\"es\"},{\"@type\":\"Organization\",\"@id\":\"https:\/\/ebenlloc1.es\/#organization\",\"name\":\"ESTANC DE BENLLOC\",\"url\":\"https:\/\/ebenlloc1.es\/\",\"logo\":{\"@type\":\"ImageObject\",\"inLanguage\":\"es\",\"@id\":\"https:\/\/ebenlloc1.es\/#\/schema\/logo\/image\/\",\"url\":\"https:\/\/ebenlloc1.es\/wp-content\/uploads\/sites\/57\/2025\/04\/logo-recortar.png\",\"contentUrl\":\"https:\/\/ebenlloc1.es\/wp-content\/uploads\/sites\/57\/2025\/04\/logo-recortar.png\",\"width\":200,\"height\":200,\"caption\":\"ESTANC DE BENLLOC\"},\"image\":{\"@id\":\"https:\/\/ebenlloc1.es\/#\/schema\/logo\/image\/\"},\"sameAs\":[\"https:\/\/www.instagram.com\/ebenlloc1\/\"]}]}<\/script>\n<!-- \/ Yoast SEO plugin. -->","yoast_head_json":{"title":"Servicios - ESTANC DE BENLLOC","description":"ESTANC DE BENLLOC ofrece servicios de de bebidas fr\u00edas, alimentaci\u00f3n, prensa, revistas, regalos, papeler\u00eda, fotos, ambientadores, perfumes, ONCE...","robots":{"index":"index","follow":"follow","max-snippet":"max-snippet:-1","max-image-preview":"max-image-preview:large","max-video-preview":"max-video-preview:-1"},"canonical":"https:\/\/ebenlloc1.es\/index.php\/servicios\/","og_locale":"es_ES","og_type":"article","og_title":"Servicios - ESTANC DE BENLLOC","og_description":"ESTANC DE BENLLOC ofrece servicios de de bebidas fr\u00edas, alimentaci\u00f3n, prensa, revistas, regalos, papeler\u00eda, fotos, ambientadores, perfumes, ONCE...","og_url":"https:\/\/ebenlloc1.es\/index.php\/servicios\/","og_site_name":"ESTANC DE BENLLOC","article_modified_time":"2025-04-10T10:41:16+00:00","og_image":[{"url":"https:\/\/ebenlloc1.es\/wp-content\/uploads\/sites\/57\/2025\/04\/servicio1-1024x768.jpg"}],"twitter_card":"summary_large_image","twitter_misc":{"Tiempo de lectura":"3 minutos"},"schema":{"@context":"https:\/\/schema.org","@graph":[{"@type":"WebPage","@id":"https:\/\/ebenlloc1.es\/index.php\/servicios\/","url":"https:\/\/ebenlloc1.es\/index.php\/servicios\/","name":"Servicios - ESTANC DE BENLLOC","isPartOf":{"@id":"https:\/\/ebenlloc1.es\/#website"},"datePublished":"2025-04-10T08:48:49+00:00","dateModified":"2025-04-10T10:41:16+00:00","description":"ESTANC DE BENLLOC ofrece servicios de de bebidas fr\u00edas, alimentaci\u00f3n, prensa, revistas, regalos, papeler\u00eda, fotos, ambientadores, perfumes, ONCE...","breadcrumb":{"@id":"https:\/\/ebenlloc1.es\/index.php\/servicios\/#breadcrumb"},"inLanguage":"es","potentialAction":[{"@type":"ReadAction","target":["https:\/\/ebenlloc1.es\/index.php\/servicios\/"]}]},{"@type":"BreadcrumbList","@id":"https:\/\/ebenlloc1.es\/index.php\/servicios\/#breadcrumb","itemListElement":[{"@type":"ListItem","position":1,"name":"Portada","item":"https:\/\/ebenlloc1.es\/"},{"@type":"ListItem","position":2,"name":"Servicios"}]},{"@type":"WebSite","@id":"https:\/\/ebenlloc1.es\/#website","url":"https:\/\/ebenlloc1.es\/","name":"ESTANC DE BENLLOC","description":"Estanc de Benlloc es un estanco con una amplia variedad de productos","publisher":{"@id":"https:\/\/ebenlloc1.es\/#organization"},"potentialAction":[{"@type":"SearchAction","target":{"@type":"EntryPoint","urlTemplate":"https:\/\/ebenlloc1.es\/?s={search_term_string}"},"query-input":"required name=search_term_string"}],"inLanguage":"es"},{"@type":"Organization","@id":"https:\/\/ebenlloc1.es\/#organization","name":"ESTANC DE BENLLOC","url":"https:\/\/ebenlloc1.es\/","logo":{"@type":"ImageObject","inLanguage":"es","@id":"https:\/\/ebenlloc1.es\/#\/schema\/logo\/image\/","url":"https:\/\/ebenlloc1.es\/wp-content\/uploads\/sites\/57\/2025\/04\/logo-recortar.png","contentUrl":"https:\/\/ebenlloc1.es\/wp-content\/uploads\/sites\/57\/2025\/04\/logo-recortar.png","width":200,"height":200,"caption":"ESTANC DE BENLLOC"},"image":{"@id":"https:\/\/ebenlloc1.es\/#\/schema\/logo\/image\/"},"sameAs":["https:\/\/www.instagram.com\/ebenlloc1\/"]}]}},"_links":{"self":[{"href":"https:\/\/ebenlloc1.es\/index.php\/wp-json\/wp\/v2\/pages\/20"}],"collection":[{"href":"https:\/\/ebenlloc1.es\/index.php\/wp-json\/wp\/v2\/pages"}],"about":[{"href":"https:\/\/ebenlloc1.es\/index.php\/wp-json\/wp\/v2\/types\/page"}],"author":[{"embeddable":true,"href":"https:\/\/ebenlloc1.es\/index.php\/wp-json\/wp\/v2\/users\/2"}],"replies":[{"embeddable":true,"href":"https:\/\/ebenlloc1.es\/index.php\/wp-json\/wp\/v2\/comments?post=20"}],"version-history":[{"count":14,"href":"https:\/\/ebenlloc1.es\/index.php\/wp-json\/wp\/v2\/pages\/20\/revisions"}],"predecessor-version":[{"id":756,"href":"https:\/\/ebenlloc1.es\/index.php\/wp-json\/wp\/v2\/pages\/20\/revisions\/756"}],"wp:attachment":[{"href":"https:\/\/ebenlloc1.es\/index.php\/wp-json\/wp\/v2\/media?parent=20"}],"curies":[{"name":"wp","href":"https:\/\/api.w.org\/{rel}","templated":true}]}}