	



	{"id":28,"date":"2025-04-10T09:43:58","date_gmt":"2025-04-10T08:43:58","guid":{"rendered":"https:\/\/kitbase.webs.fococonsultores.es\/?page_id=28"},"modified":"2025-04-10T11:40:38","modified_gmt":"2025-04-10T10:40:38","slug":"contacto","status":"publish","type":"page","link":"https:\/\/ebenlloc1.es\/index.php\/contacto\/","title":{"rendered":"Contacto"},"content":{"rendered":"\n<div style=\"height:4vh\" aria-hidden=\"true\" class=\"wp-block-spacer\"><\/div>\n\n\n<div class=\"yoast-breadcrumbs\"><span><span><a href=\"https:\/\/ebenlloc1.es\/\">Portada<\/a> \u00bb <span class=\"breadcrumb_last\" aria-current=\"page\">Contacto<\/span><\/span><\/span><\/div>\n\n\n<div class=\"wp-duotone-87080d-c3470a-7 wp-block-cover alignfull is-light\"><span aria-hidden=\"true\" class=\"wp-block-cover__background has-background-dim\" style=\"background-color:#282828\"><\/span><img decoding=\"async\" loading=\"lazy\" width=\"1536\" height=\"1723\" class=\"wp-block-cover__image-background wp-image-710\" alt=\"\" src=\"https:\/\/ebenlloc1.es\/wp-content\/uploads\/sites\/57\/2025\/04\/fondo.jpeg\" style=\"object-position:47% 100%\" data-object-fit=\"cover\" data-object-position=\"47% 100%\" srcset=\"https:\/\/ebenlloc1.es\/wp-content\/uploads\/sites\/57\/2025\/04\/fondo.jpeg 1536w, https:\/\/ebenlloc1.es\/wp-content\/uploads\/sites\/57\/2025\/04\/fondo-267x300.jpeg 267w, https:\/\/ebenlloc1.es\/wp-content\/uploads\/sites\/57\/2025\/04\/fondo-913x1024.jpeg 913w, https:\/\/ebenlloc1.es\/wp-content\/uploads\/sites\/57\/2025\/04\/fondo-768x862.jpeg 768w, https:\/\/ebenlloc1.es\/wp-content\/uploads\/sites\/57\/2025\/04\/fondo-1369x1536.jpeg 1369w\" sizes=\"(max-width: 1536px) 100vw, 1536px\" \/><div class=\"wp-block-cover__inner-container\">\n<div style=\"height:100px\" aria-hidden=\"true\" class=\"wp-block-spacer\"><\/div>\n\n\n\n<div class=\"is-layout-flex wp-container-6 wp-block-columns alignwide\">\n<div class=\"is-layout-flow wp-block-column\"><\/div>\n\n\n\n<div class=\"is-layout-flow wp-block-column is-vertically-aligned-center\" style=\"flex-basis:25%\">\n<h1 class=\"has-white-color has-text-color has-large-font-size\">Cont\u00e1ctanos<\/h1>\n\n\n\n<p class=\"has-white-color has-text-color\">Puedes ponerte en contacto con nosotros a trav\u00e9s de este formulario, o si lo prefieres, escribi\u00e9ndonos un correo electr\u00f3nico a:<\/p>\n\n\n\n<p class=\"has-white-color has-text-color\"><strong>estancbenlloc21@gmail.com<\/strong><\/p>\n\n\n\n<p class=\"has-white-color has-text-color\">O a trav\u00e9s del tel\u00e9fono:<\/p>\n\n\n\n<p class=\"has-white-color has-text-color\"><strong>+34 691174478<\/strong><\/p>\n<\/div>\n\n\n\n<div class=\"is-layout-flow wp-block-column\"><\/div>\n\n\n\n<div class=\"is-layout-flow wp-block-column has-white-color has-text-color\" style=\"flex-basis:30%\"><div class='fluentform fluentform_wrapper_1'><form data-form_id=\"1\" id=\"fluentform_1\" class=\"frm-fluent-form fluent_form_1 ff-el-form-top ff_form_instance_1_1 ff-form-loading ff_has_v3_recptcha\" data-form_instance=\"ff_form_instance_1_1\" method=\"POST\" data-recptcha_key=\"6Lfw1xIrAAAAAFIfQBMeX3pIrUlwh2TTzmXzQ_CD\" ><fieldset style=\"border: none!important;margin: 0!important;padding: 0!important;background-color: transparent!important;\n                                 box-shadow: none!important;outline: none!important;\">\n                    <legend class=\"ff_screen_reader_title\" style=\"margin: 0!important;padding: 0!important;height: 0!important;text-indent: -999999px;width: 0!important;\">Formulario de contacto. Demo<\/legend><input type='hidden' name='__fluent_form_embded_post_id' value='28' \/><input type=\"hidden\" id=\"_fluentform_1_fluentformnonce\" name=\"_fluentform_1_fluentformnonce\" value=\"a401e860c8\" \/><input type=\"hidden\" name=\"_wp_http_referer\" value=\"\/index.php\/wp-json\/wp\/v2\/pages\/28\" \/><div data-type=\"name-element\" data-name=\"names\" class=\" ff-field_container ff-name-field-wrapper\" ><div class='ff-t-container'><div class='ff-t-cell '><div class='ff-el-group'><div class=\"ff-el-input--label ff-el-is-required asterisk-right\"><label for='ff_1_names_first_name_' aria-label=\"Nombre\">Nombre<\/label> <\/div><div class='ff-el-input--content'><input type=\"text\" name=\"names[first_name]\" id=\"ff_1_names_first_name_\" class=\"ff-el-form-control\" placeholder=\"Nombre\" aria-invalid=\"false\" aria-required=false><\/div><\/div><\/div><div class='ff-t-cell '><div class='ff-el-group'><div class=\"ff-el-input--label asterisk-right\"><label for='ff_1_names_last_name_' aria-label=\"Apellidos\">Apellidos<\/label> <\/div><div class='ff-el-input--content'><input type=\"text\" name=\"names[last_name]\" id=\"ff_1_names_last_name_\" class=\"ff-el-form-control\" placeholder=\"Apellidos\" aria-invalid=\"false\" aria-required=false><\/div><\/div><\/div><\/div><\/div><div class='ff-el-group'><div class=\"ff-el-input--label ff-el-is-required asterisk-right\"><label for='ff_1_email' aria-label=\"Correo electr\u00f3nico\">Correo electr\u00f3nico<\/label> <\/div><div class='ff-el-input--content'><input type=\"email\" name=\"email\" id=\"ff_1_email\" class=\"ff-el-form-control\" placeholder=\"email@email.com\" data-name=\"email\"  aria-invalid=\"false\" aria-required=true><\/div><\/div><div class='ff-el-group'><div class=\"ff-el-input--label asterisk-right\"><label for='ff_1_subject' aria-label=\"Asunto\">Asunto<\/label> <\/div><div class='ff-el-input--content'><input type=\"text\" name=\"subject\" class=\"ff-el-form-control\" placeholder=\"Asunto\" data-name=\"subject\" id=\"ff_1_subject\"  aria-invalid=\"false\" aria-required=false><\/div><\/div><div class='ff-el-group'><div class=\"ff-el-input--label ff-el-is-required asterisk-right\"><label for='ff_1_message' aria-label=\"\u00bfEn qu\u00e9 te podemos ayudar?\">\u00bfEn qu\u00e9 te podemos ayudar?<\/label> <\/div><div class='ff-el-input--content'><textarea aria-invalid=\"false\" aria-required=true name=\"message\" id=\"ff_1_message\" class=\"ff-el-form-control\" placeholder=\"Tu mensaje\" rows=\"4\" cols=\"2\" data-name=\"message\" ><\/textarea><\/div><\/div><div class='ff-el-group ff-text-left ff_submit_btn_wrapper'><button type=\"submit\" class=\"ff-btn ff-btn-submit ff-btn-md ff_btn_no_style\" >Enviar<\/button><\/div><\/fieldset><\/form><div id='fluentform_1_errors' class='ff-errors-in-stack ff_form_instance_1_1 ff-form-loading_errors ff_form_instance_1_1_errors'><\/div><\/div>        <script type=\"text\/javascript\">\n            window.fluent_form_ff_form_instance_1_1 = {\"id\":\"1\",\"settings\":{\"layout\":{\"labelPlacement\":\"top\",\"helpMessagePlacement\":\"with_label\",\"errorMessagePlacement\":\"inline\",\"cssClassName\":\"\",\"asteriskPlacement\":\"asterisk-right\"},\"restrictions\":{\"denyEmptySubmission\":{\"enabled\":false}}},\"form_instance\":\"ff_form_instance_1_1\",\"form_id_selector\":\"fluentform_1\",\"rules\":{\"names[first_name]\":{\"required\":{\"value\":true,\"message\":\"Rellenar este campo es obligatorio\"}},\"names[middle_name]\":{\"required\":{\"value\":false,\"message\":\"This field is required\"}},\"names[last_name]\":{\"required\":{\"value\":false,\"message\":\"This field is required\"}},\"email\":{\"required\":{\"value\":true,\"message\":\"Rellenar este campo es obligatorio\"},\"email\":{\"value\":true,\"message\":\"Este campo debe contener un correo electr\\u00f3nico v\\u00e1lido\"}},\"subject\":{\"required\":{\"value\":false,\"message\":\"This field is required\"}},\"message\":{\"required\":{\"value\":true,\"message\":\"Rellenar este campo es obligatorio\"}},\"g-recaptcha-response\":[]},\"conditionals\":{\"names\":{\"type\":\"all\",\"status\":true,\"conditions\":[{\"field\":\"\",\"value\":\"\",\"operator\":\"\"}]}}};\n                    <\/script>\n        \n<\/div>\n\n\n\n<div class=\"is-layout-flow wp-block-column\"><\/div>\n<\/div>\n<\/div><\/div>\n","protected":false},"excerpt":{"rendered":"","protected":false},"author":2,"featured_media":0,"parent":0,"menu_order":0,"comment_status":"closed","ping_status":"closed","template":"","meta":{"_mi_skip_tracking":false},"yoast_head":"<!-- This site is optimized with the Yoast SEO plugin v19.10 - https:\/\/yoast.com\/wordpress\/plugins\/seo\/ -->\n<title>Contacto - ESTANC DE BENLLOC<\/title>\n<meta name=\"description\" content=\"Puedes ponerte en contacto con nosotros a trav\u00e9s de este formulario, o escribi\u00e9ndonos un email o a trav\u00e9s del tel\u00e9fono.\" \/>\n<meta name=\"robots\" content=\"index, follow, max-snippet:-1, max-image-preview:large, max-video-preview:-1\" \/>\n<link rel=\"canonical\" href=\"https:\/\/ebenlloc1.es\/index.php\/contacto\/\" \/>\n<meta property=\"og:locale\" content=\"es_ES\" \/>\n<meta property=\"og:type\" content=\"article\" \/>\n<meta property=\"og:title\" content=\"Contacto - ESTANC DE BENLLOC\" \/>\n<meta property=\"og:description\" content=\"Puedes ponerte en contacto con nosotros a trav\u00e9s de este formulario, o escribi\u00e9ndonos un email o a trav\u00e9s del tel\u00e9fono.\" \/>\n<meta property=\"og:url\" content=\"https:\/\/ebenlloc1.es\/index.php\/contacto\/\" \/>\n<meta property=\"og:site_name\" content=\"ESTANC DE BENLLOC\" \/>\n<meta property=\"article:modified_time\" content=\"2025-04-10T10:40:38+00:00\" \/>\n<meta property=\"og:image\" content=\"https:\/\/ebenlloc1.es\/wp-content\/uploads\/sites\/57\/2025\/04\/fondo.jpeg\" \/>\n<meta name=\"twitter:card\" content=\"summary_large_image\" \/>\n<meta name=\"twitter:label1\" content=\"Tiempo de lectura\" \/>\n\t<meta name=\"twitter:data1\" content=\"1 minuto\" \/>\n<script type=\"application\/ld+json\" class=\"yoast-schema-graph\">{\"@context\":\"https:\/\/schema.org\",\"@graph\":[{\"@type\":\"WebPage\",\"@id\":\"https:\/\/ebenlloc1.es\/index.php\/contacto\/\",\"url\":\"https:\/\/ebenlloc1.es\/index.php\/contacto\/\",\"name\":\"Contacto - ESTANC DE BENLLOC\",\"isPartOf\":{\"@id\":\"https:\/\/ebenlloc1.es\/#website\"},\"datePublished\":\"2025-04-10T08:43:58+00:00\",\"dateModified\":\"2025-04-10T10:40:38+00:00\",\"description\":\"Puedes ponerte en contacto con nosotros a trav\u00e9s de este formulario, o escribi\u00e9ndonos un email o a trav\u00e9s del tel\u00e9fono.\",\"breadcrumb\":{\"@id\":\"https:\/\/ebenlloc1.es\/index.php\/contacto\/#breadcrumb\"},\"inLanguage\":\"es\",\"potentialAction\":[{\"@type\":\"ReadAction\",\"target\":[\"https:\/\/ebenlloc1.es\/index.php\/contacto\/\"]}]},{\"@type\":\"BreadcrumbList\",\"@id\":\"https:\/\/ebenlloc1.es\/index.php\/contacto\/#breadcrumb\",\"itemListElement\":[{\"@type\":\"ListItem\",\"position\":1,\"name\":\"Portada\",\"item\":\"https:\/\/ebenlloc1.es\/\"},{\"@type\":\"ListItem\",\"position\":2,\"name\":\"Contacto\"}]},{\"@type\":\"WebSite\",\"@id\":\"https:\/\/ebenlloc1.es\/#website\",\"url\":\"https:\/\/ebenlloc1.es\/\",\"name\":\"ESTANC DE BENLLOC\",\"description\":\"Estanc de Benlloc es un estanco con una amplia variedad de productos\",\"publisher\":{\"@id\":\"https:\/\/ebenlloc1.es\/#organization\"},\"potentialAction\":[{\"@type\":\"SearchAction\",\"target\":{\"@type\":\"EntryPoint\",\"urlTemplate\":\"https:\/\/ebenlloc1.es\/?s={search_term_string}\"},\"query-input\":\"required name=search_term_string\"}],\"inLanguage\":\"es\"},{\"@type\":\"Organization\",\"@id\":\"https:\/\/ebenlloc1.es\/#organization\",\"name\":\"ESTANC DE BENLLOC\",\"url\":\"https:\/\/ebenlloc1.es\/\",\"logo\":{\"@type\":\"ImageObject\",\"inLanguage\":\"es\",\"@id\":\"https:\/\/ebenlloc1.es\/#\/schema\/logo\/image\/\",\"url\":\"https:\/\/ebenlloc1.es\/wp-content\/uploads\/sites\/57\/2025\/04\/logo-recortar.png\",\"contentUrl\":\"https:\/\/ebenlloc1.es\/wp-content\/uploads\/sites\/57\/2025\/04\/logo-recortar.png\",\"width\":200,\"height\":200,\"caption\":\"ESTANC DE BENLLOC\"},\"image\":{\"@id\":\"https:\/\/ebenlloc1.es\/#\/schema\/logo\/image\/\"},\"sameAs\":[\"https:\/\/www.instagram.com\/ebenlloc1\/\"]}]}<\/script>\n<!-- \/ Yoast SEO plugin. -->","yoast_head_json":{"title":"Contacto - ESTANC DE BENLLOC","description":"Puedes ponerte en contacto con nosotros a trav\u00e9s de este formulario, o escribi\u00e9ndonos un email o a trav\u00e9s del tel\u00e9fono.","robots":{"index":"index","follow":"follow","max-snippet":"max-snippet:-1","max-image-preview":"max-image-preview:large","max-video-preview":"max-video-preview:-1"},"canonical":"https:\/\/ebenlloc1.es\/index.php\/contacto\/","og_locale":"es_ES","og_type":"article","og_title":"Contacto - ESTANC DE BENLLOC","og_description":"Puedes ponerte en contacto con nosotros a trav\u00e9s de este formulario, o escribi\u00e9ndonos un email o a trav\u00e9s del tel\u00e9fono.","og_url":"https:\/\/ebenlloc1.es\/index.php\/contacto\/","og_site_name":"ESTANC DE BENLLOC","article_modified_time":"2025-04-10T10:40:38+00:00","og_image":[{"url":"https:\/\/ebenlloc1.es\/wp-content\/uploads\/sites\/57\/2025\/04\/fondo.jpeg"}],"twitter_card":"summary_large_image","twitter_misc":{"Tiempo de lectura":"1 minuto"},"schema":{"@context":"https:\/\/schema.org","@graph":[{"@type":"WebPage","@id":"https:\/\/ebenlloc1.es\/index.php\/contacto\/","url":"https:\/\/ebenlloc1.es\/index.php\/contacto\/","name":"Contacto - ESTANC DE BENLLOC","isPartOf":{"@id":"https:\/\/ebenlloc1.es\/#website"},"datePublished":"2025-04-10T08:43:58+00:00","dateModified":"2025-04-10T10:40:38+00:00","description":"Puedes ponerte en contacto con nosotros a trav\u00e9s de este formulario, o escribi\u00e9ndonos un email o a trav\u00e9s del tel\u00e9fono.","breadcrumb":{"@id":"https:\/\/ebenlloc1.es\/index.php\/contacto\/#breadcrumb"},"inLanguage":"es","potentialAction":[{"@type":"ReadAction","target":["https:\/\/ebenlloc1.es\/index.php\/contacto\/"]}]},{"@type":"BreadcrumbList","@id":"https:\/\/ebenlloc1.es\/index.php\/contacto\/#breadcrumb","itemListElement":[{"@type":"ListItem","position":1,"name":"Portada","item":"https:\/\/ebenlloc1.es\/"},{"@type":"ListItem","position":2,"name":"Contacto"}]},{"@type":"WebSite","@id":"https:\/\/ebenlloc1.es\/#website","url":"https:\/\/ebenlloc1.es\/","name":"ESTANC DE BENLLOC","description":"Estanc de Benlloc es un estanco con una amplia variedad de productos","publisher":{"@id":"https:\/\/ebenlloc1.es\/#organization"},"potentialAction":[{"@type":"SearchAction","target":{"@type":"EntryPoint","urlTemplate":"https:\/\/ebenlloc1.es\/?s={search_term_string}"},"query-input":"required name=search_term_string"}],"inLanguage":"es"},{"@type":"Organization","@id":"https:\/\/ebenlloc1.es\/#organization","name":"ESTANC DE BENLLOC","url":"https:\/\/ebenlloc1.es\/","logo":{"@type":"ImageObject","inLanguage":"es","@id":"https:\/\/ebenlloc1.es\/#\/schema\/logo\/image\/","url":"https:\/\/ebenlloc1.es\/wp-content\/uploads\/sites\/57\/2025\/04\/logo-recortar.png","contentUrl":"https:\/\/ebenlloc1.es\/wp-content\/uploads\/sites\/57\/2025\/04\/logo-recortar.png","width":200,"height":200,"caption":"ESTANC DE BENLLOC"},"image":{"@id":"https:\/\/ebenlloc1.es\/#\/schema\/logo\/image\/"},"sameAs":["https:\/\/www.instagram.com\/ebenlloc1\/"]}]}},"_links":{"self":[{"href":"https:\/\/ebenlloc1.es\/index.php\/wp-json\/wp\/v2\/pages\/28"}],"collection":[{"href":"https:\/\/ebenlloc1.es\/index.php\/wp-json\/wp\/v2\/pages"}],"about":[{"href":"https:\/\/ebenlloc1.es\/index.php\/wp-json\/wp\/v2\/types\/page"}],"author":[{"embeddable":true,"href":"https:\/\/ebenlloc1.es\/index.php\/wp-json\/wp\/v2\/users\/2"}],"replies":[{"embeddable":true,"href":"https:\/\/ebenlloc1.es\/index.php\/wp-json\/wp\/v2\/comments?post=28"}],"version-history":[{"count":27,"href":"https:\/\/ebenlloc1.es\/index.php\/wp-json\/wp\/v2\/pages\/28\/revisions"}],"predecessor-version":[{"id":751,"href":"https:\/\/ebenlloc1.es\/index.php\/wp-json\/wp\/v2\/pages\/28\/revisions\/751"}],"wp:attachment":[{"href":"https:\/\/ebenlloc1.es\/index.php\/wp-json\/wp\/v2\/media?parent=28"}],"curies":[{"name":"wp","href":"https:\/\/api.w.org\/{rel}","templated":true}]}}